{"id":23236,"date":"2020-09-20T22:42:15","date_gmt":"2020-09-20T20:42:15","guid":{"rendered":"https:\/\/vinilonamai.lt\/?post_type=product&#038;p=23236"},"modified":"2023-01-13T18:38:20","modified_gmt":"2023-01-13T16:38:20","slug":"kai-winding-j-j-johnson-the-great-kai-j-j","status":"publish","type":"product","link":"https:\/\/vinilonamai.lt\/?product=kai-winding-j-j-johnson-the-great-kai-j-j","title":{"rendered":"KAI WINDING \/ J.J. JOHNSON &#8211; THE GREAT KAI &#038; J.J."},"content":{"rendered":"","protected":false},"excerpt":{"rendered":"<h5>PAPILDOMA INFORMACIJA<\/h5>\n<table class=\"woocommerce-product-attributes shop_attributes\">\n<tbody>\n<tr>\n<th style=\"text-align: left; font-size: 13px;\">Plok\u0161tel\u0117s b\u016bkl\u0117:<\/th>\n<td style=\"text-align: left; font-size: 13px;\">[acf field=\"media_cond\"]<\/td>\n<\/tr>\n<tr>\n<th style=\"text-align: left; font-size: 13px;\">Vir\u0161elio b\u016bkl\u0117:<\/th>\n<td style=\"text-align: left; font-size: 13px;\">[acf field=\"sleeve_cond\"]<\/td>\n<\/tr>\n<tr>\n<th style=\"text-align: left; font-size: 13px;\">Ypatyb\u0117:<\/th>\n<td style=\"text-align: left; font-size: 13px;\">[acf field=\"media_feature\"]<\/td>\n<\/tr>\n<tr>\n<th style=\"text-align: left; font-size: 13px;\">Leidimo Nr.:<\/th>\n<td style=\"text-align: left; font-size: 13px;\">[acf field=\"media_cat\"]<\/td>\n<\/tr>\n<tr>\n<th style=\"text-align: left; font-size: 13px;\">\u0160alis:<\/th>\n<td style=\"text-align: left; font-size: 13px;\">[acf field=\"media_country\"]<\/td>\n<\/tr>\n<tr>\n<th style=\"text-align: left; font-size: 13px;\">Metai:<\/th>\n<td style=\"text-align: left; font-size: 13px;\">[acf field=\"media_year\"]<\/td>\n<\/tr>\n<\/tbody>\n<\/table>\n","protected":false},"featured_media":23237,"comment_status":"open","ping_status":"closed","template":"","meta":{"_acf_changed":false},"product_brand":[],"product_cat":[50],"product_tag":[],"class_list":{"0":"post-23236","1":"product","2":"type-product","3":"status-publish","4":"has-post-thumbnail","6":"product_cat-lpnew-jazz","8":"first","9":"instock","10":"shipping-taxable","11":"purchasable","12":"product-type-simple"},"acf":[],"_links":{"self":[{"href":"https:\/\/vinilonamai.lt\/index.php?rest_route=\/wp\/v2\/product\/23236","targetHints":{"allow":["GET"]}}],"collection":[{"href":"https:\/\/vinilonamai.lt\/index.php?rest_route=\/wp\/v2\/product"}],"about":[{"href":"https:\/\/vinilonamai.lt\/index.php?rest_route=\/wp\/v2\/types\/product"}],"replies":[{"embeddable":true,"href":"https:\/\/vinilonamai.lt\/index.php?rest_route=%2Fwp%2Fv2%2Fcomments&post=23236"}],"version-history":[{"count":2,"href":"https:\/\/vinilonamai.lt\/index.php?rest_route=\/wp\/v2\/product\/23236\/revisions"}],"predecessor-version":[{"id":71849,"href":"https:\/\/vinilonamai.lt\/index.php?rest_route=\/wp\/v2\/product\/23236\/revisions\/71849"}],"wp:featuredmedia":[{"embeddable":true,"href":"https:\/\/vinilonamai.lt\/index.php?rest_route=\/wp\/v2\/media\/23237"}],"wp:attachment":[{"href":"https:\/\/vinilonamai.lt\/index.php?rest_route=%2Fwp%2Fv2%2Fmedia&parent=23236"}],"wp:term":[{"taxonomy":"product_brand","embeddable":true,"href":"https:\/\/vinilonamai.lt\/index.php?rest_route=%2Fwp%2Fv2%2Fproduct_brand&post=23236"},{"taxonomy":"product_cat","embeddable":true,"href":"https:\/\/vinilonamai.lt\/index.php?rest_route=%2Fwp%2Fv2%2Fproduct_cat&post=23236"},{"taxonomy":"product_tag","embeddable":true,"href":"https:\/\/vinilonamai.lt\/index.php?rest_route=%2Fwp%2Fv2%2Fproduct_tag&post=23236"}],"curies":[{"name":"wp","href":"https:\/\/api.w.org\/{rel}","templated":true}]}}