{"id":26546,"date":"2020-10-12T08:52:45","date_gmt":"2020-10-12T06:52:45","guid":{"rendered":"https:\/\/vinilonamai.lt\/?post_type=product&#038;p=26546"},"modified":"2025-04-13T10:00:55","modified_gmt":"2025-04-13T08:00:55","slug":"london-grammar-truth-is-a-beautiful-thing","status":"publish","type":"product","link":"https:\/\/vinilonamai.lt\/?product=london-grammar-truth-is-a-beautiful-thing","title":{"rendered":"LONDON GRAMMAR &#8211; TRUTH IS A BEAUTIFUL THING"},"content":{"rendered":"<div class=\"karma-by-kadar__simple-player karma-by-kadar__simple-player--gray \" data-title=\"Rooting For You\" data-src=\"https:\/\/www.juno.co.uk\/MP3\/SF646335-01-01-01.mp3\" data-volume=\"0.7\" >\n\t\t\t<div class=\"karma-by-kadar__simple-player__player\"><\/div>\n\t\t\t<div class=\"karma-by-kadar__simple-player__play-pause\">\n\t\t\t\t<div class=\"karma-by-kadar__simple-player__play\">\n\t\t\t\t\t<i class=\"material-icons\">play_circle_filled<\/i>\n\t\t\t\t<\/div>\n\t\t\t\t<div class=\"karma-by-kadar__simple-player__pause\">\n\t\t\t\t\t<i class=\"material-icons\">pause_circle_filled<\/i>\n\t\t\t\t<\/div>\n\t\t\t<\/div><div class=\"karma-by-kadar__simple-player__title\">\n\t\t\t\t<div class=\"karma-by-kadar__simple-player__title__the-title\">Rooting For You<\/div><\/div><div class=\"karma-by-kadar__simple-player__volume-handler-container\">\n\t\t\t\t<div class=\"karma-by-kadar__simple-player__middle\">\n\t\t\t\t\t<div class=\"karma-by-kadar__simple-player__seekbar\">\n\t\t\t\t\t\t<div class=\"karma-by-kadar__simple-player__seekbar__bg\"><\/div>\n\t\t\t\t\t<\/div>\n\t\t\t\t\t<div class=\"karma-by-kadar__simple-player__current-time\"><\/div>\n\t\t\t\t\t<div class=\"karma-by-kadar__simple-player__duration\"><\/div>\n\t\t\t\t<\/div>\n\t\t\t\t<div class=\"karma-by-kadar__simple-player__right\">\n\t\t\t\t\t<div class=\"karma-by-kadar__simple-player__volume\">\n\t\t\t\t\t\t<div class=\"karma-by-kadar__simple-player__volume__bar\">\n\t\t\t\t\t\t\t<div class=\"karma-by-kadar__simple-player__volume__seekbar\">\n\t\t\t\t\t\t\t\t<div class=\"karma-by-kadar__simple-player__volume__seekbar__bg\"><\/div>\n\t\t\t\t\t\t\t<\/div>\n\t\t\t\t\t\t\t<i class=\"material-icons\">volume_down<\/i>\n\t\t\t\t\t\t<\/div>\n\t\t\t\t\t\t<div class=\"karma-by-kadar__simple-player__mute\">\n\t\t\t\t\t\t\t<i class=\"material-icons\">volume_up<\/i>\n\t\t\t\t\t\t<\/div>\n\t\t\t\t\t\t<div class=\"karma-by-kadar__simple-player__unmute\">\n\t\t\t\t\t\t\t<i class=\"material-icons\">volume_off<\/i>\n\t\t\t\t\t\t<\/div>\n\t\t\t\t\t<\/div>\n\t\t\t\t<\/div>\n\t\t\t<\/div>\n\t\t<\/div>\n<div class=\"karma-by-kadar__simple-player karma-by-kadar__simple-player--gray \" data-title=\"Wild Eyed\" data-src=\"https:\/\/www.juno.co.uk\/MP3\/SF646335-01-01-03.mp3\" data-volume=\"0.7\" >\n\t\t\t<div class=\"karma-by-kadar__simple-player__player\"><\/div>\n\t\t\t<div class=\"karma-by-kadar__simple-player__play-pause\">\n\t\t\t\t<div class=\"karma-by-kadar__simple-player__play\">\n\t\t\t\t\t<i class=\"material-icons\">play_circle_filled<\/i>\n\t\t\t\t<\/div>\n\t\t\t\t<div class=\"karma-by-kadar__simple-player__pause\">\n\t\t\t\t\t<i class=\"material-icons\">pause_circle_filled<\/i>\n\t\t\t\t<\/div>\n\t\t\t<\/div><div class=\"karma-by-kadar__simple-player__title\">\n\t\t\t\t<div class=\"karma-by-kadar__simple-player__title__the-title\">Wild Eyed<\/div><\/div><div class=\"karma-by-kadar__simple-player__volume-handler-container\">\n\t\t\t\t<div class=\"karma-by-kadar__simple-player__middle\">\n\t\t\t\t\t<div class=\"karma-by-kadar__simple-player__seekbar\">\n\t\t\t\t\t\t<div class=\"karma-by-kadar__simple-player__seekbar__bg\"><\/div>\n\t\t\t\t\t<\/div>\n\t\t\t\t\t<div class=\"karma-by-kadar__simple-player__current-time\"><\/div>\n\t\t\t\t\t<div class=\"karma-by-kadar__simple-player__duration\"><\/div>\n\t\t\t\t<\/div>\n\t\t\t\t<div class=\"karma-by-kadar__simple-player__right\">\n\t\t\t\t\t<div class=\"karma-by-kadar__simple-player__volume\">\n\t\t\t\t\t\t<div class=\"karma-by-kadar__simple-player__volume__bar\">\n\t\t\t\t\t\t\t<div class=\"karma-by-kadar__simple-player__volume__seekbar\">\n\t\t\t\t\t\t\t\t<div class=\"karma-by-kadar__simple-player__volume__seekbar__bg\"><\/div>\n\t\t\t\t\t\t\t<\/div>\n\t\t\t\t\t\t\t<i class=\"material-icons\">volume_down<\/i>\n\t\t\t\t\t\t<\/div>\n\t\t\t\t\t\t<div class=\"karma-by-kadar__simple-player__mute\">\n\t\t\t\t\t\t\t<i class=\"material-icons\">volume_up<\/i>\n\t\t\t\t\t\t<\/div>\n\t\t\t\t\t\t<div class=\"karma-by-kadar__simple-player__unmute\">\n\t\t\t\t\t\t\t<i class=\"material-icons\">volume_off<\/i>\n\t\t\t\t\t\t<\/div>\n\t\t\t\t\t<\/div>\n\t\t\t\t<\/div>\n\t\t\t<\/div>\n\t\t<\/div>\n","protected":false},"excerpt":{"rendered":"<p>&nbsp;<\/p>\n<h5>PAPILDOMA INFORMACIJA<\/h5>\n<table class=\"woocommerce-product-attributes shop_attributes\">\n<tbody>\n<tr>\n<th style=\"text-align: left;font-size: 13px\">Plok\u0161tel\u0117s b\u016bkl\u0117:<\/th>\n<td style=\"text-align: left;font-size: 13px\">[acf field=\"media_cond\"]<\/td>\n<\/tr>\n<tr>\n<th style=\"text-align: left;font-size: 13px\">Vir\u0161elio b\u016bkl\u0117:<\/th>\n<td style=\"text-align: left;font-size: 13px\">[acf field=\"sleeve_cond\"]<\/td>\n<\/tr>\n<tr>\n<th style=\"text-align: left;font-size: 13px\">Ypatyb\u0117:<\/th>\n<td style=\"text-align: left;font-size: 13px\">[acf field=\"media_feature\"]<\/td>\n<\/tr>\n<tr>\n<th style=\"text-align: left;font-size: 13px\">Leidimo Nr.:<\/th>\n<td style=\"text-align: left;font-size: 13px\">[acf field=\"media_cat\"]<\/td>\n<\/tr>\n<tr>\n<th style=\"text-align: left;font-size: 13px\">\u0160alis:<\/th>\n<td style=\"text-align: left;font-size: 13px\">[acf field=\"media_country\"]<\/td>\n<\/tr>\n<tr>\n<th style=\"text-align: left;font-size: 13px\">Metai:<\/th>\n<td style=\"text-align: left;font-size: 13px\">[acf field=\"media_year\"]<\/td>\n<\/tr>\n<\/tbody>\n<\/table>\n","protected":false},"featured_media":26547,"comment_status":"open","ping_status":"closed","template":"","meta":{"_acf_changed":false},"product_brand":[],"product_cat":[51],"product_tag":[],"class_list":{"0":"post-26546","1":"product","2":"type-product","3":"status-publish","4":"has-post-thumbnail","6":"product_cat-lpnew-pop","8":"first","9":"instock","10":"shipping-taxable","11":"purchasable","12":"product-type-simple"},"acf":[],"_links":{"self":[{"href":"https:\/\/vinilonamai.lt\/index.php?rest_route=\/wp\/v2\/product\/26546","targetHints":{"allow":["GET"]}}],"collection":[{"href":"https:\/\/vinilonamai.lt\/index.php?rest_route=\/wp\/v2\/product"}],"about":[{"href":"https:\/\/vinilonamai.lt\/index.php?rest_route=\/wp\/v2\/types\/product"}],"replies":[{"embeddable":true,"href":"https:\/\/vinilonamai.lt\/index.php?rest_route=%2Fwp%2Fv2%2Fcomments&post=26546"}],"version-history":[{"count":1,"href":"https:\/\/vinilonamai.lt\/index.php?rest_route=\/wp\/v2\/product\/26546\/revisions"}],"predecessor-version":[{"id":78107,"href":"https:\/\/vinilonamai.lt\/index.php?rest_route=\/wp\/v2\/product\/26546\/revisions\/78107"}],"wp:featuredmedia":[{"embeddable":true,"href":"https:\/\/vinilonamai.lt\/index.php?rest_route=\/wp\/v2\/media\/26547"}],"wp:attachment":[{"href":"https:\/\/vinilonamai.lt\/index.php?rest_route=%2Fwp%2Fv2%2Fmedia&parent=26546"}],"wp:term":[{"taxonomy":"product_brand","embeddable":true,"href":"https:\/\/vinilonamai.lt\/index.php?rest_route=%2Fwp%2Fv2%2Fproduct_brand&post=26546"},{"taxonomy":"product_cat","embeddable":true,"href":"https:\/\/vinilonamai.lt\/index.php?rest_route=%2Fwp%2Fv2%2Fproduct_cat&post=26546"},{"taxonomy":"product_tag","embeddable":true,"href":"https:\/\/vinilonamai.lt\/index.php?rest_route=%2Fwp%2Fv2%2Fproduct_tag&post=26546"}],"curies":[{"name":"wp","href":"https:\/\/api.w.org\/{rel}","templated":true}]}}