{"id":45871,"date":"2021-02-24T20:23:27","date_gmt":"2021-02-24T18:23:27","guid":{"rendered":"https:\/\/vinilonamai.lt\/?post_type=product&#038;p=45871"},"modified":"2026-03-15T21:42:42","modified_gmt":"2026-03-15T19:42:42","slug":"queen-greatest-hits-13","status":"publish","type":"product","link":"https:\/\/vinilonamai.lt\/?product=queen-greatest-hits-13","title":{"rendered":"QUEEN &#8211; GREATEST HITS"},"content":{"rendered":"","protected":false},"excerpt":{"rendered":"<p>&nbsp;<\/p>\n<h5>PAPILDOMA INFORMACIJA<\/h5>\n<table class=\"woocommerce-product-attributes shop_attributes\">\n<tbody>\n<tr>\n<th style=\"text-align: left;font-size: 13px\">Plok\u0161tel\u0117s b\u016bkl\u0117:<\/th>\n<td style=\"text-align: left;font-size: 13px\">[acf field=\"media_cond\"]<\/td>\n<\/tr>\n<tr>\n<th style=\"text-align: left;font-size: 13px\">Vir\u0161elio b\u016bkl\u0117:<\/th>\n<td style=\"text-align: left;font-size: 13px\">[acf field=\"sleeve_cond\"]<\/td>\n<\/tr>\n<tr>\n<th style=\"text-align: left;font-size: 13px\">Ypatyb\u0117:<\/th>\n<td style=\"text-align: left;font-size: 13px\">[acf field=\"media_feature\"]<\/td>\n<\/tr>\n<tr>\n<th style=\"text-align: left;font-size: 13px\">Leidimo Nr.:<\/th>\n<td style=\"text-align: left;font-size: 13px\">[acf field=\"media_cat\"]<\/td>\n<\/tr>\n<tr>\n<th style=\"text-align: left;font-size: 13px\">\u0160alis:<\/th>\n<td style=\"text-align: left;font-size: 13px\">[acf field=\"media_country\"]<\/td>\n<\/tr>\n<tr>\n<th style=\"text-align: left;font-size: 13px\">Metai:<\/th>\n<td style=\"text-align: left;font-size: 13px\">[acf field=\"media_year\"]<\/td>\n<\/tr>\n<\/tbody>\n<\/table>\n","protected":false},"featured_media":45872,"comment_status":"open","ping_status":"closed","template":"","meta":{"_acf_changed":false},"product_brand":[],"product_cat":[54],"product_tag":[],"class_list":{"0":"post-45871","1":"product","2":"type-product","3":"status-publish","4":"has-post-thumbnail","6":"product_cat-lpnew-rock","8":"first","9":"outofstock","10":"featured","11":"shipping-taxable","12":"purchasable","13":"product-type-simple"},"acf":[],"_links":{"self":[{"href":"https:\/\/vinilonamai.lt\/index.php?rest_route=\/wp\/v2\/product\/45871","targetHints":{"allow":["GET"]}}],"collection":[{"href":"https:\/\/vinilonamai.lt\/index.php?rest_route=\/wp\/v2\/product"}],"about":[{"href":"https:\/\/vinilonamai.lt\/index.php?rest_route=\/wp\/v2\/types\/product"}],"replies":[{"embeddable":true,"href":"https:\/\/vinilonamai.lt\/index.php?rest_route=%2Fwp%2Fv2%2Fcomments&post=45871"}],"version-history":[{"count":4,"href":"https:\/\/vinilonamai.lt\/index.php?rest_route=\/wp\/v2\/product\/45871\/revisions"}],"predecessor-version":[{"id":75600,"href":"https:\/\/vinilonamai.lt\/index.php?rest_route=\/wp\/v2\/product\/45871\/revisions\/75600"}],"wp:featuredmedia":[{"embeddable":true,"href":"https:\/\/vinilonamai.lt\/index.php?rest_route=\/wp\/v2\/media\/45872"}],"wp:attachment":[{"href":"https:\/\/vinilonamai.lt\/index.php?rest_route=%2Fwp%2Fv2%2Fmedia&parent=45871"}],"wp:term":[{"taxonomy":"product_brand","embeddable":true,"href":"https:\/\/vinilonamai.lt\/index.php?rest_route=%2Fwp%2Fv2%2Fproduct_brand&post=45871"},{"taxonomy":"product_cat","embeddable":true,"href":"https:\/\/vinilonamai.lt\/index.php?rest_route=%2Fwp%2Fv2%2Fproduct_cat&post=45871"},{"taxonomy":"product_tag","embeddable":true,"href":"https:\/\/vinilonamai.lt\/index.php?rest_route=%2Fwp%2Fv2%2Fproduct_tag&post=45871"}],"curies":[{"name":"wp","href":"https:\/\/api.w.org\/{rel}","templated":true}]}}