{"id":47261,"date":"2021-03-11T12:23:14","date_gmt":"2021-03-11T10:23:14","guid":{"rendered":"https:\/\/vinilonamai.lt\/?post_type=product&#038;p=47261"},"modified":"2023-09-25T21:31:08","modified_gmt":"2023-09-25T19:31:08","slug":"blue-note-all-stars-our-point-of-view-various","status":"publish","type":"product","link":"https:\/\/vinilonamai.lt\/?product=blue-note-all-stars-our-point-of-view-various","title":{"rendered":"BLUE NOTE ALL-STARS &#8211; OUR POINT OF VIEW"},"content":{"rendered":"<p>\u0160varus, gilus, dinami\u0161kas \u012fra\u0161as (feat. Lionel Loueke, Ambrose Akinmusire, Marcus Strickland, Kendrick Scott, Robert Glasper &amp; Derrick Hodge)<\/p>\n<div class=\"karma-by-kadar__simple-player karma-by-kadar__simple-player--gray \" data-title=\"Message of Hope\" data-src=\"https:\/\/d24jnm9llkb1ub.cloudfront.net\/icpn\/00602557774955\/00602557774955-192-01-09.mp3\" data-volume=\"1\" >\n\t\t\t<div class=\"karma-by-kadar__simple-player__player\"><\/div>\n\t\t\t<div class=\"karma-by-kadar__simple-player__play-pause\">\n\t\t\t\t<div class=\"karma-by-kadar__simple-player__play\">\n\t\t\t\t\t<i class=\"material-icons\">play_circle_filled<\/i>\n\t\t\t\t<\/div>\n\t\t\t\t<div class=\"karma-by-kadar__simple-player__pause\">\n\t\t\t\t\t<i class=\"material-icons\">pause_circle_filled<\/i>\n\t\t\t\t<\/div>\n\t\t\t<\/div><div class=\"karma-by-kadar__simple-player__title\">\n\t\t\t\t<div class=\"karma-by-kadar__simple-player__title__the-title\">Message of Hope<\/div><\/div><div class=\"karma-by-kadar__simple-player__volume-handler-container\">\n\t\t\t\t<div class=\"karma-by-kadar__simple-player__middle\">\n\t\t\t\t\t<div class=\"karma-by-kadar__simple-player__seekbar\">\n\t\t\t\t\t\t<div class=\"karma-by-kadar__simple-player__seekbar__bg\"><\/div>\n\t\t\t\t\t<\/div>\n\t\t\t\t\t<div class=\"karma-by-kadar__simple-player__current-time\"><\/div>\n\t\t\t\t\t<div class=\"karma-by-kadar__simple-player__duration\"><\/div>\n\t\t\t\t<\/div>\n\t\t\t\t<div class=\"karma-by-kadar__simple-player__right\">\n\t\t\t\t\t<div class=\"karma-by-kadar__simple-player__volume\">\n\t\t\t\t\t\t<div class=\"karma-by-kadar__simple-player__volume__bar\">\n\t\t\t\t\t\t\t<div class=\"karma-by-kadar__simple-player__volume__seekbar\">\n\t\t\t\t\t\t\t\t<div class=\"karma-by-kadar__simple-player__volume__seekbar__bg\"><\/div>\n\t\t\t\t\t\t\t<\/div>\n\t\t\t\t\t\t\t<i class=\"material-icons\">volume_down<\/i>\n\t\t\t\t\t\t<\/div>\n\t\t\t\t\t\t<div class=\"karma-by-kadar__simple-player__mute\">\n\t\t\t\t\t\t\t<i class=\"material-icons\">volume_up<\/i>\n\t\t\t\t\t\t<\/div>\n\t\t\t\t\t\t<div class=\"karma-by-kadar__simple-player__unmute\">\n\t\t\t\t\t\t\t<i class=\"material-icons\">volume_off<\/i>\n\t\t\t\t\t\t<\/div>\n\t\t\t\t\t<\/div>\n\t\t\t\t<\/div>\n\t\t\t<\/div>\n\t\t<\/div>\n<div class=\"karma-by-kadar__simple-player karma-by-kadar__simple-player--gray \" data-title=\"Meanings\" data-src=\"https:\/\/d24jnm9llkb1ub.cloudfront.net\/icpn\/00602557774955\/00602557774955-192-01-03.mp3\" data-volume=\"1\" >\n\t\t\t<div class=\"karma-by-kadar__simple-player__player\"><\/div>\n\t\t\t<div class=\"karma-by-kadar__simple-player__play-pause\">\n\t\t\t\t<div class=\"karma-by-kadar__simple-player__play\">\n\t\t\t\t\t<i class=\"material-icons\">play_circle_filled<\/i>\n\t\t\t\t<\/div>\n\t\t\t\t<div class=\"karma-by-kadar__simple-player__pause\">\n\t\t\t\t\t<i class=\"material-icons\">pause_circle_filled<\/i>\n\t\t\t\t<\/div>\n\t\t\t<\/div><div class=\"karma-by-kadar__simple-player__title\">\n\t\t\t\t<div class=\"karma-by-kadar__simple-player__title__the-title\">Meanings<\/div><\/div><div class=\"karma-by-kadar__simple-player__volume-handler-container\">\n\t\t\t\t<div class=\"karma-by-kadar__simple-player__middle\">\n\t\t\t\t\t<div class=\"karma-by-kadar__simple-player__seekbar\">\n\t\t\t\t\t\t<div class=\"karma-by-kadar__simple-player__seekbar__bg\"><\/div>\n\t\t\t\t\t<\/div>\n\t\t\t\t\t<div class=\"karma-by-kadar__simple-player__current-time\"><\/div>\n\t\t\t\t\t<div class=\"karma-by-kadar__simple-player__duration\"><\/div>\n\t\t\t\t<\/div>\n\t\t\t\t<div class=\"karma-by-kadar__simple-player__right\">\n\t\t\t\t\t<div class=\"karma-by-kadar__simple-player__volume\">\n\t\t\t\t\t\t<div class=\"karma-by-kadar__simple-player__volume__bar\">\n\t\t\t\t\t\t\t<div class=\"karma-by-kadar__simple-player__volume__seekbar\">\n\t\t\t\t\t\t\t\t<div class=\"karma-by-kadar__simple-player__volume__seekbar__bg\"><\/div>\n\t\t\t\t\t\t\t<\/div>\n\t\t\t\t\t\t\t<i class=\"material-icons\">volume_down<\/i>\n\t\t\t\t\t\t<\/div>\n\t\t\t\t\t\t<div class=\"karma-by-kadar__simple-player__mute\">\n\t\t\t\t\t\t\t<i class=\"material-icons\">volume_up<\/i>\n\t\t\t\t\t\t<\/div>\n\t\t\t\t\t\t<div class=\"karma-by-kadar__simple-player__unmute\">\n\t\t\t\t\t\t\t<i class=\"material-icons\">volume_off<\/i>\n\t\t\t\t\t\t<\/div>\n\t\t\t\t\t<\/div>\n\t\t\t\t<\/div>\n\t\t\t<\/div>\n\t\t<\/div>\n<div class=\"karma-by-kadar__simple-player karma-by-kadar__simple-player--gray \" data-title=\"Second Light\" data-src=\"https:\/\/d24jnm9llkb1ub.cloudfront.net\/icpn\/00602557774955\/00602557774955-192-01-06.mp3\" data-volume=\"1\" >\n\t\t\t<div class=\"karma-by-kadar__simple-player__player\"><\/div>\n\t\t\t<div class=\"karma-by-kadar__simple-player__play-pause\">\n\t\t\t\t<div class=\"karma-by-kadar__simple-player__play\">\n\t\t\t\t\t<i class=\"material-icons\">play_circle_filled<\/i>\n\t\t\t\t<\/div>\n\t\t\t\t<div class=\"karma-by-kadar__simple-player__pause\">\n\t\t\t\t\t<i class=\"material-icons\">pause_circle_filled<\/i>\n\t\t\t\t<\/div>\n\t\t\t<\/div><div class=\"karma-by-kadar__simple-player__title\">\n\t\t\t\t<div class=\"karma-by-kadar__simple-player__title__the-title\">Second Light<\/div><\/div><div class=\"karma-by-kadar__simple-player__volume-handler-container\">\n\t\t\t\t<div class=\"karma-by-kadar__simple-player__middle\">\n\t\t\t\t\t<div class=\"karma-by-kadar__simple-player__seekbar\">\n\t\t\t\t\t\t<div class=\"karma-by-kadar__simple-player__seekbar__bg\"><\/div>\n\t\t\t\t\t<\/div>\n\t\t\t\t\t<div class=\"karma-by-kadar__simple-player__current-time\"><\/div>\n\t\t\t\t\t<div class=\"karma-by-kadar__simple-player__duration\"><\/div>\n\t\t\t\t<\/div>\n\t\t\t\t<div class=\"karma-by-kadar__simple-player__right\">\n\t\t\t\t\t<div class=\"karma-by-kadar__simple-player__volume\">\n\t\t\t\t\t\t<div class=\"karma-by-kadar__simple-player__volume__bar\">\n\t\t\t\t\t\t\t<div class=\"karma-by-kadar__simple-player__volume__seekbar\">\n\t\t\t\t\t\t\t\t<div class=\"karma-by-kadar__simple-player__volume__seekbar__bg\"><\/div>\n\t\t\t\t\t\t\t<\/div>\n\t\t\t\t\t\t\t<i class=\"material-icons\">volume_down<\/i>\n\t\t\t\t\t\t<\/div>\n\t\t\t\t\t\t<div class=\"karma-by-kadar__simple-player__mute\">\n\t\t\t\t\t\t\t<i class=\"material-icons\">volume_up<\/i>\n\t\t\t\t\t\t<\/div>\n\t\t\t\t\t\t<div class=\"karma-by-kadar__simple-player__unmute\">\n\t\t\t\t\t\t\t<i class=\"material-icons\">volume_off<\/i>\n\t\t\t\t\t\t<\/div>\n\t\t\t\t\t<\/div>\n\t\t\t\t<\/div>\n\t\t\t<\/div>\n\t\t<\/div>\n","protected":false},"excerpt":{"rendered":"<p>&nbsp;<\/p>\n<h5>PAPILDOMA INFORMACIJA<\/h5>\n<table class=\"woocommerce-product-attributes shop_attributes\">\n<tbody>\n<tr>\n<th style=\"text-align: left;font-size: 13px\">Plok\u0161tel\u0117s b\u016bkl\u0117:<\/th>\n<td style=\"text-align: left;font-size: 13px\">[acf field=\"media_cond\"]<\/td>\n<\/tr>\n<tr>\n<th style=\"text-align: left;font-size: 13px\">Vir\u0161elio b\u016bkl\u0117:<\/th>\n<td style=\"text-align: left;font-size: 13px\">[acf field=\"sleeve_cond\"]<\/td>\n<\/tr>\n<tr>\n<th style=\"text-align: left;font-size: 13px\">Ypatyb\u0117:<\/th>\n<td style=\"text-align: left;font-size: 13px\">[acf field=\"media_feature\"]<\/td>\n<\/tr>\n<tr>\n<th style=\"text-align: left;font-size: 13px\">Leidimo Nr.:<\/th>\n<td style=\"text-align: left;font-size: 13px\">[acf field=\"media_cat\"]<\/td>\n<\/tr>\n<tr>\n<th style=\"text-align: left;font-size: 13px\">\u0160alis:<\/th>\n<td style=\"text-align: left;font-size: 13px\">[acf field=\"media_country\"]<\/td>\n<\/tr>\n<tr>\n<th style=\"text-align: left;font-size: 13px\">Metai:<\/th>\n<td style=\"text-align: left;font-size: 13px\">[acf field=\"media_year\"]<\/td>\n<\/tr>\n<\/tbody>\n<\/table>\n","protected":false},"featured_media":47262,"comment_status":"open","ping_status":"closed","template":"","meta":{"_acf_changed":false},"product_brand":[],"product_cat":[50],"product_tag":[],"class_list":{"0":"post-47261","1":"product","2":"type-product","3":"status-publish","4":"has-post-thumbnail","6":"product_cat-lpnew-jazz","8":"first","9":"instock","10":"shipping-taxable","11":"purchasable","12":"product-type-simple"},"acf":[],"_links":{"self":[{"href":"https:\/\/vinilonamai.lt\/index.php?rest_route=\/wp\/v2\/product\/47261","targetHints":{"allow":["GET"]}}],"collection":[{"href":"https:\/\/vinilonamai.lt\/index.php?rest_route=\/wp\/v2\/product"}],"about":[{"href":"https:\/\/vinilonamai.lt\/index.php?rest_route=\/wp\/v2\/types\/product"}],"replies":[{"embeddable":true,"href":"https:\/\/vinilonamai.lt\/index.php?rest_route=%2Fwp%2Fv2%2Fcomments&post=47261"}],"version-history":[{"count":6,"href":"https:\/\/vinilonamai.lt\/index.php?rest_route=\/wp\/v2\/product\/47261\/revisions"}],"predecessor-version":[{"id":80561,"href":"https:\/\/vinilonamai.lt\/index.php?rest_route=\/wp\/v2\/product\/47261\/revisions\/80561"}],"wp:featuredmedia":[{"embeddable":true,"href":"https:\/\/vinilonamai.lt\/index.php?rest_route=\/wp\/v2\/media\/47262"}],"wp:attachment":[{"href":"https:\/\/vinilonamai.lt\/index.php?rest_route=%2Fwp%2Fv2%2Fmedia&parent=47261"}],"wp:term":[{"taxonomy":"product_brand","embeddable":true,"href":"https:\/\/vinilonamai.lt\/index.php?rest_route=%2Fwp%2Fv2%2Fproduct_brand&post=47261"},{"taxonomy":"product_cat","embeddable":true,"href":"https:\/\/vinilonamai.lt\/index.php?rest_route=%2Fwp%2Fv2%2Fproduct_cat&post=47261"},{"taxonomy":"product_tag","embeddable":true,"href":"https:\/\/vinilonamai.lt\/index.php?rest_route=%2Fwp%2Fv2%2Fproduct_tag&post=47261"}],"curies":[{"name":"wp","href":"https:\/\/api.w.org\/{rel}","templated":true}]}}