{"id":65116,"date":"2022-01-15T23:34:32","date_gmt":"2022-01-15T21:34:32","guid":{"rendered":"https:\/\/vinilonamai.lt\/?post_type=product&#038;p=65116"},"modified":"2023-09-25T21:44:51","modified_gmt":"2023-09-25T19:44:51","slug":"various-daptone-gold","status":"publish","type":"product","link":"https:\/\/vinilonamai.lt\/?product=various-daptone-gold","title":{"rendered":"VARIOUS &#8211; DAPTONE GOLD"},"content":{"rendered":"<table class=\"tracklist_3QGRS\">\n<tbody>\n<tr data-track-position=\"A1\">\n<td class=\"trackPos_2RCje\">A1<\/td>\n<td class=\"artist_3zAQD\"><span class=\"link_15cpV\">Binky Griptite<\/span><span class=\"dash_1EAjh\">\u2013<\/span><\/td>\n<td class=\"trackTitle_CTKp4\"><span class=\"trackTitle_CTKp4\">Introduction<\/span><\/td>\n<\/tr>\n<tr data-track-position=\"A2\">\n<td class=\"trackPos_2RCje\">A2<\/td>\n<td class=\"artist_3zAQD\"><span class=\"link_15cpV\">Sharon Jones &amp; The Dap-Kings<\/span><span class=\"dash_1EAjh\">\u2013<\/span><\/td>\n<td class=\"trackTitle_CTKp4\"><span class=\"trackTitle_CTKp4\">I&#8217;m Not Gonna Cry<\/span><\/td>\n<\/tr>\n<tr data-track-position=\"A3\">\n<td class=\"trackPos_2RCje\">A3<\/td>\n<td class=\"artist_3zAQD\"><span class=\"link_15cpV\">The Budos Band<\/span><span class=\"dash_1EAjh\">\u2013<\/span><\/td>\n<td class=\"trackTitle_CTKp4\"><span class=\"trackTitle_CTKp4\">Up From The South<\/span><\/td>\n<\/tr>\n<tr data-track-position=\"A4\">\n<td class=\"trackPos_2RCje\">A4<\/td>\n<td class=\"artist_3zAQD\"><span class=\"link_15cpV\">Naomi Shelton<\/span>\u00a0&amp;\u00a0<span class=\"link_15cpV\">The Gospel Queens<\/span><span class=\"dash_1EAjh\">\u2013<\/span><\/td>\n<td class=\"trackTitle_CTKp4\"><span class=\"trackTitle_CTKp4\">What Have You Done<\/span><\/td>\n<\/tr>\n<tr data-track-position=\"A5\">\n<td class=\"trackPos_2RCje\">A5<\/td>\n<td class=\"artist_3zAQD\"><span class=\"link_15cpV\">Sharon Jones &amp; The Dap-Kings<\/span><span class=\"dash_1EAjh\">\u2013<\/span><\/td>\n<td class=\"trackTitle_CTKp4\"><span class=\"trackTitle_CTKp4\">How Long Do I Have To Wait?<\/span><\/td>\n<\/tr>\n<tr data-track-position=\"A6\">\n<td class=\"trackPos_2RCje\">A6<\/td>\n<td class=\"artist_3zAQD\"><span class=\"link_15cpV\">Lee Fields<\/span><span class=\"dash_1EAjh\">\u2013<\/span><\/td>\n<td class=\"trackTitle_CTKp4\"><span class=\"trackTitle_CTKp4\">Could Have Been<\/span><\/td>\n<\/tr>\n<tr data-track-position=\"B1\">\n<td class=\"trackPos_2RCje\">B1<\/td>\n<td class=\"artist_3zAQD\"><span class=\"link_15cpV\">Antibalas<\/span>\u00a0Featuring\u00a0<span class=\"link_15cpV\">Mayra Vega<\/span><span class=\"dash_1EAjh\">\u2013<\/span><\/td>\n<td class=\"trackTitle_CTKp4\"><span class=\"trackTitle_CTKp4\">Che Che Cole Makossa<\/span><\/td>\n<\/tr>\n<tr data-track-position=\"B2\">\n<td class=\"trackPos_2RCje\">B2<\/td>\n<td class=\"artist_3zAQD\"><span class=\"link_15cpV\">The Budos Band<\/span><span class=\"dash_1EAjh\">\u2013<\/span><\/td>\n<td class=\"trackTitle_CTKp4\"><span class=\"trackTitle_CTKp4\">Budos Rising<\/span><\/td>\n<\/tr>\n<tr data-track-position=\"B3\">\n<td class=\"trackPos_2RCje\">B3<\/td>\n<td class=\"artist_3zAQD\"><span class=\"link_15cpV\">Sharon Jones &amp; The Dap-Kings<\/span><span class=\"dash_1EAjh\">\u2013<\/span><\/td>\n<td class=\"trackTitle_CTKp4\"><span class=\"trackTitle_CTKp4\">Got A Thing On My Mind<\/span><\/td>\n<\/tr>\n<tr data-track-position=\"B4\">\n<td class=\"trackPos_2RCje\">B4<\/td>\n<td class=\"artist_3zAQD\"><span class=\"link_15cpV\">Charles Bradley<\/span>\u00a0&amp;\u00a0<span class=\"link_15cpV\">Menahan Street Band<\/span><span class=\"dash_1EAjh\">\u2013<\/span><\/td>\n<td class=\"trackTitle_CTKp4\"><span class=\"trackTitle_CTKp4\">The World (Is Going Up In Flames)<\/span><\/td>\n<\/tr>\n<tr data-track-position=\"B5\">\n<td class=\"trackPos_2RCje\">B5<\/td>\n<td class=\"artist_3zAQD\"><span class=\"link_15cpV\">Sharon Jones &amp; The Dap-Kings<\/span><span class=\"dash_1EAjh\">\u2013<\/span><\/td>\n<td class=\"trackTitle_CTKp4\"><span class=\"trackTitle_CTKp4\">Make It Good To Me<\/span><\/td>\n<\/tr>\n<tr data-track-position=\"C1\">\n<td class=\"trackPos_2RCje\">C1<\/td>\n<td class=\"artist_3zAQD\"><span class=\"link_15cpV\">Lee Fields<\/span>\u00a0And\u00a0<span class=\"link_15cpV\">Sugarman &amp; Co.*<\/span><span class=\"dash_1EAjh\">\u2013<\/span><\/td>\n<td class=\"trackTitle_CTKp4\"><span class=\"trackTitle_CTKp4\">Stand Up<\/span><\/td>\n<\/tr>\n<tr data-track-position=\"C2\">\n<td class=\"trackPos_2RCje\">C2<\/td>\n<td class=\"artist_3zAQD\"><span class=\"link_15cpV\">Naomi Shelton<\/span>\u00a0&amp;\u00a0<span class=\"link_15cpV\">The Gospel Queens<\/span><span class=\"dash_1EAjh\">\u2013<\/span><\/td>\n<td class=\"trackTitle_CTKp4\"><span class=\"trackTitle_CTKp4\">What Is This<\/span><\/td>\n<\/tr>\n<tr data-track-position=\"C3\">\n<td class=\"trackPos_2RCje\">C3<\/td>\n<td class=\"artist_3zAQD\"><span class=\"link_15cpV\">Binky Griptite<\/span>\u00a0With\u00a0<span class=\"link_15cpV\">The Sugarman Three*<\/span><span class=\"dash_1EAjh\">\u2013<\/span><\/td>\n<td class=\"trackTitle_CTKp4\"><span class=\"trackTitle_CTKp4\">A Lover Like Me<\/span><\/td>\n<\/tr>\n<tr data-track-position=\"C4\">\n<td class=\"trackPos_2RCje\">C4<\/td>\n<td class=\"artist_3zAQD\"><span class=\"link_15cpV\">Menahan Street Band<\/span><span class=\"dash_1EAjh\">\u2013<\/span><\/td>\n<td class=\"trackTitle_CTKp4\"><span class=\"trackTitle_CTKp4\">Make The Road By Walking<\/span><\/td>\n<\/tr>\n<tr data-track-position=\"C5\">\n<td class=\"trackPos_2RCje\">C5<\/td>\n<td class=\"artist_3zAQD\"><span class=\"link_15cpV\">Sharon Jones &amp; The Dap-Kings<\/span><span class=\"dash_1EAjh\">\u2013<\/span><\/td>\n<td class=\"trackTitle_CTKp4\"><span class=\"trackTitle_CTKp4\">Tell Me<\/span><\/td>\n<\/tr>\n<tr data-track-position=\"C6\">\n<td class=\"trackPos_2RCje\">C6<\/td>\n<td class=\"artist_3zAQD\"><span class=\"link_15cpV\">Sugarman &amp; Co.*<\/span><span class=\"dash_1EAjh\">\u2013<\/span><\/td>\n<td class=\"trackTitle_CTKp4\"><span class=\"trackTitle_CTKp4\">Down To It<\/span><\/td>\n<\/tr>\n<tr data-track-position=\"D1\">\n<td class=\"trackPos_2RCje\">D1<\/td>\n<td class=\"artist_3zAQD\"><span class=\"link_15cpV\">The Dap-Kings<\/span><span class=\"dash_1EAjh\">\u2013<\/span><\/td>\n<td class=\"trackTitle_CTKp4\"><span class=\"trackTitle_CTKp4\">Nervous Like Me<\/span><\/td>\n<\/tr>\n<tr data-track-position=\"D2\">\n<td class=\"trackPos_2RCje\">D2<\/td>\n<td class=\"artist_3zAQD\"><span class=\"link_15cpV\">Sharon Jones &amp; The Dap-Kings<\/span><span class=\"dash_1EAjh\">\u2013<\/span><\/td>\n<td class=\"trackTitle_CTKp4\"><span class=\"trackTitle_CTKp4\">Giving Up<\/span><\/td>\n<\/tr>\n<tr data-track-position=\"D3\">\n<td class=\"trackPos_2RCje\">D3<\/td>\n<td class=\"artist_3zAQD\"><span class=\"link_15cpV\">The Budos Band<\/span><span class=\"dash_1EAjh\">\u2013<\/span><\/td>\n<td class=\"trackTitle_CTKp4\"><span class=\"trackTitle_CTKp4\">Ghostwalk<\/span><\/td>\n<\/tr>\n<tr data-track-position=\"D4\">\n<td class=\"trackPos_2RCje\">D4<\/td>\n<td class=\"artist_3zAQD\"><span class=\"link_15cpV\">Cynthia Langston<\/span>\u00a0&amp;\u00a0<span class=\"link_15cpV\">The Gospel Queens<\/span><span class=\"dash_1EAjh\">\u2013<\/span><\/td>\n<td class=\"trackTitle_CTKp4\"><span class=\"trackTitle_CTKp4\">I Need You To Hold My Hand<\/span><\/td>\n<\/tr>\n<tr data-track-position=\"D5\">\n<td class=\"trackPos_2RCje\">D5<\/td>\n<td class=\"artist_3zAQD\"><span class=\"link_15cpV\">Binky Griptite<\/span>\u00a0&amp;\u00a0<span class=\"link_15cpV\">The Mellomatics<\/span><span class=\"dash_1EAjh\">\u2013<\/span><\/td>\n<td class=\"trackTitle_CTKp4\"><span class=\"trackTitle_CTKp4\">The Stroll Part 2<\/span><\/td>\n<\/tr>\n<tr data-track-position=\"D6\">\n<td class=\"trackPos_2RCje\">D6<\/td>\n<td class=\"artist_3zAQD\"><span class=\"link_15cpV\">Sharon Jones<\/span>\u00a0&amp;\u00a0<span class=\"link_15cpV\">Lee Fields<\/span><span class=\"dash_1EAjh\">\u2013<\/span><\/td>\n<td class=\"trackTitle_CTKp4\"><span class=\"trackTitle_CTKp4\">Stranded In Your Love<\/span><\/td>\n<\/tr>\n<\/tbody>\n<\/table>\n<div class=\"main_2FbVC\"><\/div>\n<div class=\"main_2FbVC\"><\/div>\n","protected":false},"excerpt":{"rendered":"<h5>PAPILDOMA INFORMACIJA<\/h5>\n<table class=\"woocommerce-product-attributes shop_attributes\">\n<tbody>\n<tr>\n<th style=\"text-align: left;font-size: 13px\">Plok\u0161tel\u0117s b\u016bkl\u0117:<\/th>\n<td style=\"text-align: left;font-size: 13px\">[acf field=\"media_cond\"]<\/td>\n<\/tr>\n<tr>\n<th style=\"text-align: left;font-size: 13px\">Vir\u0161elio b\u016bkl\u0117:<\/th>\n<td style=\"text-align: left;font-size: 13px\">[acf field=\"sleeve_cond\"]<\/td>\n<\/tr>\n<tr>\n<th style=\"text-align: left;font-size: 13px\">Ypatyb\u0117:<\/th>\n<td style=\"text-align: left;font-size: 13px\">[acf field=\"media_feature\"]<\/td>\n<\/tr>\n<tr>\n<th style=\"text-align: left;font-size: 13px\">Leidimo Nr.:<\/th>\n<td style=\"text-align: left;font-size: 13px\">[acf field=\"media_cat\"]<\/td>\n<\/tr>\n<tr>\n<th style=\"text-align: left;font-size: 13px\">\u0160alis:<\/th>\n<td style=\"text-align: left;font-size: 13px\">[acf field=\"media_country\"]<\/td>\n<\/tr>\n<tr>\n<th style=\"text-align: left;font-size: 13px\">Metai:<\/th>\n<td style=\"text-align: left;font-size: 13px\">[acf field=\"media_year\"]<\/td>\n<\/tr>\n<\/tbody>\n<\/table>\n","protected":false},"featured_media":65123,"comment_status":"open","ping_status":"closed","template":"","meta":{"_acf_changed":false},"product_brand":[],"product_cat":[55],"product_tag":[],"class_list":{"0":"post-65116","1":"product","2":"type-product","3":"status-publish","4":"has-post-thumbnail","6":"product_cat-lpnew-funk-soul","8":"first","9":"instock","10":"shipping-taxable","11":"purchasable","12":"product-type-simple"},"acf":[],"_links":{"self":[{"href":"https:\/\/vinilonamai.lt\/index.php?rest_route=\/wp\/v2\/product\/65116","targetHints":{"allow":["GET"]}}],"collection":[{"href":"https:\/\/vinilonamai.lt\/index.php?rest_route=\/wp\/v2\/product"}],"about":[{"href":"https:\/\/vinilonamai.lt\/index.php?rest_route=\/wp\/v2\/types\/product"}],"replies":[{"embeddable":true,"href":"https:\/\/vinilonamai.lt\/index.php?rest_route=%2Fwp%2Fv2%2Fcomments&post=65116"}],"version-history":[{"count":2,"href":"https:\/\/vinilonamai.lt\/index.php?rest_route=\/wp\/v2\/product\/65116\/revisions"}],"predecessor-version":[{"id":81902,"href":"https:\/\/vinilonamai.lt\/index.php?rest_route=\/wp\/v2\/product\/65116\/revisions\/81902"}],"wp:featuredmedia":[{"embeddable":true,"href":"https:\/\/vinilonamai.lt\/index.php?rest_route=\/wp\/v2\/media\/65123"}],"wp:attachment":[{"href":"https:\/\/vinilonamai.lt\/index.php?rest_route=%2Fwp%2Fv2%2Fmedia&parent=65116"}],"wp:term":[{"taxonomy":"product_brand","embeddable":true,"href":"https:\/\/vinilonamai.lt\/index.php?rest_route=%2Fwp%2Fv2%2Fproduct_brand&post=65116"},{"taxonomy":"product_cat","embeddable":true,"href":"https:\/\/vinilonamai.lt\/index.php?rest_route=%2Fwp%2Fv2%2Fproduct_cat&post=65116"},{"taxonomy":"product_tag","embeddable":true,"href":"https:\/\/vinilonamai.lt\/index.php?rest_route=%2Fwp%2Fv2%2Fproduct_tag&post=65116"}],"curies":[{"name":"wp","href":"https:\/\/api.w.org\/{rel}","templated":true}]}}