{"id":65564,"date":"2022-02-01T11:06:40","date_gmt":"2022-02-01T09:06:40","guid":{"rendered":"https:\/\/vinilonamai.lt\/?post_type=product&#038;p=65564"},"modified":"2025-07-01T13:01:12","modified_gmt":"2025-07-01T11:01:12","slug":"yello-yell40-years","status":"publish","type":"product","link":"https:\/\/vinilonamai.lt\/?product=yello-yell40-years","title":{"rendered":"YELLO \u2013 Yell40 Years"},"content":{"rendered":"<div class=\"content_1TFzi\">\n<table class=\"tracklist_3QGRS\">\n<tbody>\n<tr class=\"heading_24HyI\">\n<td class=\"trackPos_2RCje\"><\/td>\n<td class=\"artist_3zAQD\"><\/td>\n<td class=\"trackTitle_CTKp4\"><strong>The First 20 Years<\/strong><\/td>\n<td class=\"duration_2t4qr\"><\/td>\n<\/tr>\n<tr data-track-position=\"1-1\">\n<td class=\"trackPos_2RCje\">1-1<\/td>\n<td class=\"artist_3zAQD\"><\/td>\n<td class=\"trackTitle_CTKp4\"><span class=\"trackTitle_CTKp4\">Bimbo<\/span><\/td>\n<td class=\"duration_2t4qr\">3:35<\/td>\n<\/tr>\n<tr data-track-position=\"1-2\">\n<td class=\"trackPos_2RCje\">1-2<\/td>\n<td class=\"artist_3zAQD\"><\/td>\n<td class=\"trackTitle_CTKp4\"><span class=\"trackTitle_CTKp4\">Pinball Cha Cha<\/span><\/td>\n<td class=\"duration_2t4qr\">3:23<\/td>\n<\/tr>\n<tr data-track-position=\"1-3\">\n<td class=\"trackPos_2RCje\">1-3<\/td>\n<td class=\"artist_3zAQD\"><\/td>\n<td class=\"trackTitle_CTKp4\"><span class=\"trackTitle_CTKp4\">The Evening&#8217;s Young<\/span><\/td>\n<td class=\"duration_2t4qr\">3:07<\/td>\n<\/tr>\n<tr data-track-position=\"1-4\">\n<td class=\"trackPos_2RCje\">1-4<\/td>\n<td class=\"artist_3zAQD\"><\/td>\n<td class=\"trackTitle_CTKp4\"><span class=\"trackTitle_CTKp4\">Bananas To The Beat<\/span><\/td>\n<td class=\"duration_2t4qr\">2:58<\/td>\n<\/tr>\n<tr data-track-position=\"1-5\">\n<td class=\"trackPos_2RCje\">1-5<\/td>\n<td class=\"artist_3zAQD\"><\/td>\n<td class=\"trackTitle_CTKp4\"><span class=\"trackTitle_CTKp4\">I Love You<\/span><\/td>\n<td class=\"duration_2t4qr\">3:14<\/td>\n<\/tr>\n<tr data-track-position=\"1-6\">\n<td class=\"trackPos_2RCje\">1-6<\/td>\n<td class=\"artist_3zAQD\"><\/td>\n<td class=\"trackTitle_CTKp4\"><span class=\"trackTitle_CTKp4\">Lost Again<\/span><\/td>\n<td class=\"duration_2t4qr\">4:19<\/td>\n<\/tr>\n<tr data-track-position=\"1-7\">\n<td class=\"trackPos_2RCje\">1-7<\/td>\n<td class=\"artist_3zAQD\"><\/td>\n<td class=\"trackTitle_CTKp4\"><span class=\"trackTitle_CTKp4\">Bostich (N&#8217;est-ce Pas?)<\/span><\/td>\n<td class=\"duration_2t4qr\">4:33<\/td>\n<\/tr>\n<tr data-track-position=\"1-8\">\n<td class=\"trackPos_2RCje\">1-8<\/td>\n<td class=\"artist_3zAQD\"><\/td>\n<td class=\"trackTitle_CTKp4\"><span class=\"trackTitle_CTKp4\">Daily Disco<\/span><\/td>\n<td class=\"duration_2t4qr\">4:28<\/td>\n<\/tr>\n<tr data-track-position=\"1-9\">\n<td class=\"trackPos_2RCje\">1-9<\/td>\n<td class=\"artist_3zAQD\"><\/td>\n<td class=\"trackTitle_CTKp4\"><span class=\"trackTitle_CTKp4\">Vicious Games<\/span><\/td>\n<td class=\"duration_2t4qr\">4:18<\/td>\n<\/tr>\n<tr data-track-position=\"1-10\">\n<td class=\"trackPos_2RCje\">1-10<\/td>\n<td class=\"artist_3zAQD\"><\/td>\n<td class=\"trackTitle_CTKp4\"><span class=\"trackTitle_CTKp4\">Oh Yeah<\/span><\/td>\n<td class=\"duration_2t4qr\">3:06<\/td>\n<\/tr>\n<tr data-track-position=\"1-11\">\n<td class=\"trackPos_2RCje\">1-11<\/td>\n<td class=\"artist_3zAQD\"><\/td>\n<td class=\"trackTitle_CTKp4\"><span class=\"trackTitle_CTKp4\">Blender<\/span><\/td>\n<td class=\"duration_2t4qr\">3:51<\/td>\n<\/tr>\n<tr data-track-position=\"1-12\">\n<td class=\"trackPos_2RCje\">1-12<\/td>\n<td class=\"artist_3zAQD\"><\/td>\n<td class=\"trackTitle_CTKp4\"><span class=\"trackTitle_CTKp4\">Goldrush<\/span><\/td>\n<td class=\"duration_2t4qr\">4:19<\/td>\n<\/tr>\n<tr data-track-position=\"1-13\">\n<td class=\"trackPos_2RCje\">1-13<\/td>\n<td class=\"artist_3zAQD\"><\/td>\n<td class=\"trackTitle_CTKp4\"><span class=\"trackTitle_CTKp4\">Tied Up<\/span><\/td>\n<td class=\"duration_2t4qr\">3:32<\/td>\n<\/tr>\n<tr data-track-position=\"1-14\">\n<td class=\"trackPos_2RCje\">1-14<\/td>\n<td class=\"artist_3zAQD\"><\/td>\n<td class=\"trackTitle_CTKp4\"><span class=\"trackTitle_CTKp4\">La Habanera<\/span><\/td>\n<td class=\"duration_2t4qr\">3:39<\/td>\n<\/tr>\n<tr data-track-position=\"1-15\">\n<td class=\"trackPos_2RCje\">1-15<\/td>\n<td class=\"artist_3zAQD\"><\/td>\n<td class=\"trackTitle_CTKp4\"><span class=\"trackTitle_CTKp4\">Rubberbandman<\/span><\/td>\n<td class=\"duration_2t4qr\">3:35<\/td>\n<\/tr>\n<tr data-track-position=\"1-16\">\n<td class=\"trackPos_2RCje\">1-16<\/td>\n<td class=\"artist_3zAQD\"><\/td>\n<td class=\"trackTitle_CTKp4\"><span class=\"trackTitle_CTKp4\">Jungle Bill<\/span><\/td>\n<td class=\"duration_2t4qr\">3:38<\/td>\n<\/tr>\n<tr data-track-position=\"1-17\">\n<td class=\"trackPos_2RCje\">1-17<\/td>\n<td class=\"artist_3zAQD\"><\/td>\n<td class=\"trackTitle_CTKp4\"><span class=\"trackTitle_CTKp4\">Night Train<\/span><\/td>\n<td class=\"duration_2t4qr\">3:38<\/td>\n<\/tr>\n<tr data-track-position=\"1-18\">\n<td class=\"trackPos_2RCje\">1-18<\/td>\n<td class=\"artist_3zAQD\"><\/td>\n<td class=\"trackTitle_CTKp4\"><span class=\"trackTitle_CTKp4\">Tremendous Pain<\/span><\/td>\n<td class=\"duration_2t4qr\">3:32<\/td>\n<\/tr>\n<tr data-track-position=\"1-19\">\n<td class=\"trackPos_2RCje\">1-19<\/td>\n<td class=\"artist_3zAQD\"><\/td>\n<td class=\"trackTitle_CTKp4\"><span class=\"trackTitle_CTKp4\">Houdini<\/span><\/td>\n<td class=\"duration_2t4qr\">2:53<\/td>\n<\/tr>\n<tr data-track-position=\"1-20\">\n<td class=\"trackPos_2RCje\">1-20<\/td>\n<td class=\"artist_3zAQD\"><\/td>\n<td class=\"trackTitle_CTKp4\"><span class=\"trackTitle_CTKp4\">Base For Alec<\/span><\/td>\n<td class=\"duration_2t4qr\">2:53<\/td>\n<\/tr>\n<tr data-track-position=\"1-21\">\n<td class=\"trackPos_2RCje\">1-21<\/td>\n<td class=\"artist_3zAQD\"><\/td>\n<td class=\"trackTitle_CTKp4\"><span class=\"trackTitle_CTKp4\">Liquid Lies<\/span><\/td>\n<td class=\"duration_2t4qr\">3:38<\/td>\n<\/tr>\n<tr class=\"heading_24HyI\">\n<td class=\"trackPos_2RCje\"><\/td>\n<td class=\"artist_3zAQD\"><\/td>\n<td class=\"trackTitle_CTKp4\"><strong>The Second 20 Years<\/strong><\/td>\n<td class=\"duration_2t4qr\"><\/td>\n<\/tr>\n<tr data-track-position=\"2-1\">\n<td class=\"trackPos_2RCje\">2-1<\/td>\n<td class=\"artist_3zAQD\"><\/td>\n<td class=\"trackTitle_CTKp4\"><span class=\"trackTitle_CTKp4\">Electrified II<\/span><\/td>\n<td class=\"duration_2t4qr\">2:49<\/td>\n<\/tr>\n<tr data-track-position=\"2-2\">\n<td class=\"trackPos_2RCje\">2-2<\/td>\n<td class=\"artist_3zAQD\"><\/td>\n<td class=\"trackTitle_CTKp4\"><span class=\"trackTitle_CTKp4\">Soul On Ice<\/span><\/td>\n<td class=\"duration_2t4qr\">3:18<\/td>\n<\/tr>\n<tr data-track-position=\"2-3\">\n<td class=\"trackPos_2RCje\">2-3<\/td>\n<td class=\"artist_3zAQD\"><\/td>\n<td class=\"trackTitle_CTKp4\"><span class=\"trackTitle_CTKp4\">Don Turbulente<\/span><\/td>\n<td class=\"duration_2t4qr\">4:49<\/td>\n<\/tr>\n<tr data-track-position=\"2-4\">\n<td class=\"trackPos_2RCje\">2-4<\/td>\n<td class=\"artist_3zAQD\"><\/td>\n<td class=\"trackTitle_CTKp4\"><span class=\"trackTitle_CTKp4\">Planet Dada<\/span><\/td>\n<td class=\"duration_2t4qr\">3:05<\/td>\n<\/tr>\n<tr data-track-position=\"2-5\">\n<td class=\"trackPos_2RCje\">2-5<\/td>\n<td class=\"artist_3zAQD\"><\/td>\n<td class=\"trackTitle_CTKp4\"><span class=\"trackTitle_CTKp4\">30000 Days<\/span><\/td>\n<td class=\"duration_2t4qr\">4:03<\/td>\n<\/tr>\n<tr data-track-position=\"2-6\">\n<td class=\"trackPos_2RCje\">2-6<\/td>\n<td class=\"artist_3zAQD\"><\/td>\n<td class=\"trackTitle_CTKp4\"><span class=\"trackTitle_CTKp4\">Arthur Spark<\/span><\/td>\n<td class=\"duration_2t4qr\">3:34<\/td>\n<\/tr>\n<tr data-track-position=\"2-7\">\n<td class=\"trackPos_2RCje\">2-7<\/td>\n<td class=\"artist_3zAQD\"><\/td>\n<td class=\"trackTitle_CTKp4\"><span class=\"trackTitle_CTKp4\">The Vanishing Of Peter Strong<\/span><\/td>\n<td class=\"duration_2t4qr\">3:15<\/td>\n<\/tr>\n<tr data-track-position=\"2-8\">\n<td class=\"trackPos_2RCje\">2-8<\/td>\n<td class=\"artist_3zAQD\"><\/td>\n<td class=\"trackTitle_CTKp4\"><span class=\"trackTitle_CTKp4\">Distant Solution<\/span><\/td>\n<td class=\"duration_2t4qr\">3:50<\/td>\n<\/tr>\n<tr data-track-position=\"2-9\">\n<td class=\"trackPos_2RCje\">2-9<\/td>\n<td class=\"artist_3zAQD\"><\/td>\n<td class=\"trackTitle_CTKp4\"><span class=\"trackTitle_CTKp4\">Mean Monday<\/span><\/td>\n<td class=\"duration_2t4qr\">3:28<\/td>\n<\/tr>\n<tr data-track-position=\"2-10\">\n<td class=\"trackPos_2RCje\">2-10<\/td>\n<td class=\"artist_3zAQD\"><\/td>\n<td class=\"trackTitle_CTKp4\"><span class=\"trackTitle_CTKp4\">Cold Flame<\/span><\/td>\n<td class=\"duration_2t4qr\">4:01<\/td>\n<\/tr>\n<tr data-track-position=\"2-11\">\n<td class=\"trackPos_2RCje\">2-11<\/td>\n<td class=\"artist_3zAQD\"><\/td>\n<td class=\"trackTitle_CTKp4\"><span class=\"trackTitle_CTKp4\">Dialectical Kid<\/span><\/td>\n<td class=\"duration_2t4qr\">3:18<\/td>\n<\/tr>\n<tr data-track-position=\"2-12\">\n<td class=\"trackPos_2RCje\">2-12<\/td>\n<td class=\"artist_3zAQD\"><\/td>\n<td class=\"trackTitle_CTKp4\"><span class=\"trackTitle_CTKp4\">The Expert<\/span><\/td>\n<td class=\"duration_2t4qr\">2:53<\/td>\n<\/tr>\n<tr data-track-position=\"2-13\">\n<td class=\"trackPos_2RCje\">2-13<\/td>\n<td class=\"artist_3zAQD\"><\/td>\n<td class=\"trackTitle_CTKp4\"><span class=\"trackTitle_CTKp4\">Basic Avenue<\/span><\/td>\n<td class=\"duration_2t4qr\">2:55<\/td>\n<\/tr>\n<tr data-track-position=\"2-14\">\n<td class=\"trackPos_2RCje\">2-14<\/td>\n<td class=\"artist_3zAQD\"><\/td>\n<td class=\"trackTitle_CTKp4\"><span class=\"trackTitle_CTKp4\">Waba Duba<\/span><\/td>\n<td class=\"duration_2t4qr\">3:06<\/td>\n<\/tr>\n<tr data-track-position=\"2-15\">\n<td class=\"trackPos_2RCje\">2-15<\/td>\n<td class=\"artist_3zAQD\"><\/td>\n<td class=\"trackTitle_CTKp4\"><span class=\"trackTitle_CTKp4\">Limbo<\/span><\/td>\n<td class=\"duration_2t4qr\">3:21<\/td>\n<\/tr>\n<tr data-track-position=\"2-16\">\n<td class=\"trackPos_2RCje\">2-16<\/td>\n<td class=\"artist_3zAQD\"><\/td>\n<td class=\"trackTitle_CTKp4\"><span class=\"trackTitle_CTKp4\">Spinning My Mind<\/span><\/td>\n<td class=\"duration_2t4qr\">2:39<\/td>\n<\/tr>\n<tr data-track-position=\"2-17\">\n<td class=\"trackPos_2RCje\">2-17<\/td>\n<td class=\"artist_3zAQD\"><\/td>\n<td class=\"trackTitle_CTKp4\"><span class=\"trackTitle_CTKp4\">Tiger Dust<\/span><\/td>\n<td class=\"duration_2t4qr\">2:59<\/td>\n<\/tr>\n<tr data-track-position=\"2-18\">\n<td class=\"trackPos_2RCje\">2-18<\/td>\n<td class=\"artist_3zAQD\"><\/td>\n<td class=\"trackTitle_CTKp4\"><span class=\"trackTitle_CTKp4\">Way Down<\/span><\/td>\n<td class=\"duration_2t4qr\">3:19<\/td>\n<\/tr>\n<tr data-track-position=\"2-19\">\n<td class=\"trackPos_2RCje\">2-19<\/td>\n<td class=\"artist_3zAQD\"><\/td>\n<td class=\"trackTitle_CTKp4\"><span class=\"trackTitle_CTKp4\">Hot Pan<\/span><\/td>\n<td class=\"duration_2t4qr\">3:16<\/td>\n<\/tr>\n<tr data-track-position=\"2-20\">\n<td class=\"trackPos_2RCje\">2-20<\/td>\n<td class=\"artist_3zAQD\"><\/td>\n<td class=\"trackTitle_CTKp4\"><span class=\"trackTitle_CTKp4\">The Race<\/span><\/td>\n<td class=\"duration_2t4qr\">6:47<\/td>\n<\/tr>\n<\/tbody>\n<\/table>\n<\/div>\n","protected":false},"excerpt":{"rendered":"<p>&nbsp;<\/p>\n<h5>PAPILDOMA INFORMACIJA<\/h5>\n<table class=\"woocommerce-product-attributes shop_attributes\">\n<tbody>\n<tr>\n<th style=\"text-align: left;font-size: 13px\">Kompakto b\u016bkl\u0117:<\/th>\n<td style=\"text-align: left;font-size: 13px\">[acf field=\"media_cond\"]<\/td>\n<\/tr>\n<tr>\n<th style=\"text-align: left;font-size: 13px\">Vir\u0161elio b\u016bkl\u0117:<\/th>\n<td style=\"text-align: left;font-size: 13px\">[acf field=\"sleeve_cond\"]<\/td>\n<\/tr>\n<tr>\n<th style=\"text-align: left;font-size: 13px\">Ypatyb\u0117:<\/th>\n<td style=\"text-align: left;font-size: 13px\">[acf field=\"media_feature\"]<\/td>\n<\/tr>\n<tr>\n<th style=\"text-align: left;font-size: 13px\">Leidimo Nr.:<\/th>\n<td style=\"text-align: left;font-size: 13px\">[acf field=\"media_cat\"]<\/td>\n<\/tr>\n<tr>\n<th style=\"text-align: left;font-size: 13px\">\u0160alis:<\/th>\n<td style=\"text-align: left;font-size: 13px\">[acf field=\"media_country\"]<\/td>\n<\/tr>\n<tr>\n<th style=\"text-align: left;font-size: 13px\">Metai:<\/th>\n<td style=\"text-align: left;font-size: 13px\">[acf field=\"media_year\"]<\/td>\n<\/tr>\n<\/tbody>\n<\/table>\n","protected":false},"featured_media":65565,"comment_status":"open","ping_status":"closed","template":"","meta":{"_acf_changed":false},"product_brand":[],"product_cat":[52],"product_tag":[],"class_list":{"0":"post-65564","1":"product","2":"type-product","3":"status-publish","4":"has-post-thumbnail","6":"product_cat-cd-electronic","8":"first","9":"instock","10":"sale","11":"shipping-taxable","12":"purchasable","13":"product-type-simple"},"acf":[],"_links":{"self":[{"href":"https:\/\/vinilonamai.lt\/index.php?rest_route=\/wp\/v2\/product\/65564","targetHints":{"allow":["GET"]}}],"collection":[{"href":"https:\/\/vinilonamai.lt\/index.php?rest_route=\/wp\/v2\/product"}],"about":[{"href":"https:\/\/vinilonamai.lt\/index.php?rest_route=\/wp\/v2\/types\/product"}],"replies":[{"embeddable":true,"href":"https:\/\/vinilonamai.lt\/index.php?rest_route=%2Fwp%2Fv2%2Fcomments&post=65564"}],"version-history":[{"count":2,"href":"https:\/\/vinilonamai.lt\/index.php?rest_route=\/wp\/v2\/product\/65564\/revisions"}],"predecessor-version":[{"id":83118,"href":"https:\/\/vinilonamai.lt\/index.php?rest_route=\/wp\/v2\/product\/65564\/revisions\/83118"}],"wp:featuredmedia":[{"embeddable":true,"href":"https:\/\/vinilonamai.lt\/index.php?rest_route=\/wp\/v2\/media\/65565"}],"wp:attachment":[{"href":"https:\/\/vinilonamai.lt\/index.php?rest_route=%2Fwp%2Fv2%2Fmedia&parent=65564"}],"wp:term":[{"taxonomy":"product_brand","embeddable":true,"href":"https:\/\/vinilonamai.lt\/index.php?rest_route=%2Fwp%2Fv2%2Fproduct_brand&post=65564"},{"taxonomy":"product_cat","embeddable":true,"href":"https:\/\/vinilonamai.lt\/index.php?rest_route=%2Fwp%2Fv2%2Fproduct_cat&post=65564"},{"taxonomy":"product_tag","embeddable":true,"href":"https:\/\/vinilonamai.lt\/index.php?rest_route=%2Fwp%2Fv2%2Fproduct_tag&post=65564"}],"curies":[{"name":"wp","href":"https:\/\/api.w.org\/{rel}","templated":true}]}}