{"id":70785,"date":"2022-06-18T15:57:05","date_gmt":"2022-06-18T13:57:05","guid":{"rendered":"https:\/\/vinilonamai.lt\/?post_type=product&#038;p=70785"},"modified":"2025-01-24T14:05:03","modified_gmt":"2025-01-24T12:05:03","slug":"bruno-mars-unorthodox-jukebox","status":"publish","type":"product","link":"https:\/\/vinilonamai.lt\/?product=bruno-mars-unorthodox-jukebox","title":{"rendered":"BRUNO MARS &#8211; UNORTHODOX JUKEBOX"},"content":{"rendered":"","protected":false},"excerpt":{"rendered":"<h5>PAPILDOMA INFORMACIJA<\/h5>\n<table class=\"woocommerce-product-attributes shop_attributes\">\n<tbody>\n<tr>\n<th style=\"text-align: left; font-size: 13px;\">Plok\u0161tel\u0117s b\u016bkl\u0117:<\/th>\n<td style=\"text-align: left; font-size: 13px;\">[acf field=\"media_cond\"]<\/td>\n<\/tr>\n<tr>\n<th style=\"text-align: left; font-size: 13px;\">Vir\u0161elio b\u016bkl\u0117:<\/th>\n<td style=\"text-align: left; font-size: 13px;\">[acf field=\"sleeve_cond\"]<\/td>\n<\/tr>\n<tr>\n<th style=\"text-align: left; font-size: 13px;\">Ypatyb\u0117:<\/th>\n<td style=\"text-align: left; font-size: 13px;\">[acf field=\"media_feature\"]<\/td>\n<\/tr>\n<tr>\n<th style=\"text-align: left; font-size: 13px;\">Leidimo Nr.:<\/th>\n<td style=\"text-align: left; font-size: 13px;\">[acf field=\"media_cat\"]<\/td>\n<\/tr>\n<tr>\n<th style=\"text-align: left; font-size: 13px;\">\u0160alis:<\/th>\n<td style=\"text-align: left; font-size: 13px;\">[acf field=\"media_country\"]<\/td>\n<\/tr>\n<tr>\n<th style=\"text-align: left; font-size: 13px;\">Metai:<\/th>\n<td style=\"text-align: left; font-size: 13px;\">[acf field=\"media_year\"]<\/td>\n<\/tr>\n<\/tbody>\n<\/table>\n","protected":false},"featured_media":71040,"comment_status":"open","ping_status":"closed","template":"","meta":{"_acf_changed":false},"product_brand":[],"product_cat":[53,51],"product_tag":[],"class_list":{"0":"post-70785","1":"product","2":"type-product","3":"status-publish","4":"has-post-thumbnail","6":"product_cat-lpnew-electronic","7":"product_cat-lpnew-pop","9":"first","10":"outofstock","11":"featured","12":"shipping-taxable","13":"purchasable","14":"product-type-simple"},"acf":[],"_links":{"self":[{"href":"https:\/\/vinilonamai.lt\/index.php?rest_route=\/wp\/v2\/product\/70785","targetHints":{"allow":["GET"]}}],"collection":[{"href":"https:\/\/vinilonamai.lt\/index.php?rest_route=\/wp\/v2\/product"}],"about":[{"href":"https:\/\/vinilonamai.lt\/index.php?rest_route=\/wp\/v2\/types\/product"}],"replies":[{"embeddable":true,"href":"https:\/\/vinilonamai.lt\/index.php?rest_route=%2Fwp%2Fv2%2Fcomments&post=70785"}],"version-history":[{"count":3,"href":"https:\/\/vinilonamai.lt\/index.php?rest_route=\/wp\/v2\/product\/70785\/revisions"}],"predecessor-version":[{"id":71041,"href":"https:\/\/vinilonamai.lt\/index.php?rest_route=\/wp\/v2\/product\/70785\/revisions\/71041"}],"wp:featuredmedia":[{"embeddable":true,"href":"https:\/\/vinilonamai.lt\/index.php?rest_route=\/wp\/v2\/media\/71040"}],"wp:attachment":[{"href":"https:\/\/vinilonamai.lt\/index.php?rest_route=%2Fwp%2Fv2%2Fmedia&parent=70785"}],"wp:term":[{"taxonomy":"product_brand","embeddable":true,"href":"https:\/\/vinilonamai.lt\/index.php?rest_route=%2Fwp%2Fv2%2Fproduct_brand&post=70785"},{"taxonomy":"product_cat","embeddable":true,"href":"https:\/\/vinilonamai.lt\/index.php?rest_route=%2Fwp%2Fv2%2Fproduct_cat&post=70785"},{"taxonomy":"product_tag","embeddable":true,"href":"https:\/\/vinilonamai.lt\/index.php?rest_route=%2Fwp%2Fv2%2Fproduct_tag&post=70785"}],"curies":[{"name":"wp","href":"https:\/\/api.w.org\/{rel}","templated":true}]}}