{"id":75483,"date":"2022-10-08T20:34:05","date_gmt":"2022-10-08T18:34:05","guid":{"rendered":"https:\/\/vinilonamai.lt\/?post_type=product&#038;p=75483"},"modified":"2024-12-18T14:15:50","modified_gmt":"2024-12-18T12:15:50","slug":"eros-ramazzotti-battito-infinito","status":"publish","type":"product","link":"https:\/\/vinilonamai.lt\/?product=eros-ramazzotti-battito-infinito","title":{"rendered":"EROS RAMAZZOTTI &#8211; BATTITO INFINITO"},"content":{"rendered":"","protected":false},"excerpt":{"rendered":"<p>&nbsp;<\/p>\n<h5>PAPILDOMA INFORMACIJA<\/h5>\n<table class=\"woocommerce-product-attributes shop_attributes\">\n<tbody>\n<tr>\n<th style=\"text-align: left; font-size: 13px;\">Plok\u0161tel\u0117s b\u016bkl\u0117:<\/th>\n<td style=\"text-align: left; font-size: 13px;\">[acf field=\"media_cond\"]<\/td>\n<\/tr>\n<tr>\n<th style=\"text-align: left; font-size: 13px;\">Vir\u0161elio b\u016bkl\u0117:<\/th>\n<td style=\"text-align: left; font-size: 13px;\">[acf field=\"sleeve_cond\"]<\/td>\n<\/tr>\n<tr>\n<th style=\"text-align: left; font-size: 13px;\">Ypatyb\u0117:<\/th>\n<td style=\"text-align: left; font-size: 13px;\">[acf field=\"media_feature\"]<\/td>\n<\/tr>\n<tr>\n<th style=\"text-align: left; font-size: 13px;\">Leidimo Nr.:<\/th>\n<td style=\"text-align: left; font-size: 13px;\">[acf field=\"media_cat\"]<\/td>\n<\/tr>\n<tr>\n<th style=\"text-align: left; font-size: 13px;\">\u0160alis:<\/th>\n<td style=\"text-align: left; font-size: 13px;\">[acf field=\"media_country\"]<\/td>\n<\/tr>\n<tr>\n<th style=\"text-align: left; font-size: 13px;\">Metai:<\/th>\n<td style=\"text-align: left; font-size: 13px;\">[acf field=\"media_year\"]<\/td>\n<\/tr>\n<\/tbody>\n<\/table>\n","protected":false},"featured_media":79013,"comment_status":"open","ping_status":"closed","template":"","meta":{"_acf_changed":false},"product_brand":[],"product_cat":[51],"product_tag":[],"class_list":{"0":"post-75483","1":"product","2":"type-product","3":"status-publish","4":"has-post-thumbnail","6":"product_cat-lpnew-pop","8":"first","9":"outofstock","10":"shipping-taxable","11":"purchasable","12":"product-type-simple"},"acf":[],"_links":{"self":[{"href":"https:\/\/vinilonamai.lt\/index.php?rest_route=\/wp\/v2\/product\/75483","targetHints":{"allow":["GET"]}}],"collection":[{"href":"https:\/\/vinilonamai.lt\/index.php?rest_route=\/wp\/v2\/product"}],"about":[{"href":"https:\/\/vinilonamai.lt\/index.php?rest_route=\/wp\/v2\/types\/product"}],"replies":[{"embeddable":true,"href":"https:\/\/vinilonamai.lt\/index.php?rest_route=%2Fwp%2Fv2%2Fcomments&post=75483"}],"version-history":[{"count":2,"href":"https:\/\/vinilonamai.lt\/index.php?rest_route=\/wp\/v2\/product\/75483\/revisions"}],"predecessor-version":[{"id":77893,"href":"https:\/\/vinilonamai.lt\/index.php?rest_route=\/wp\/v2\/product\/75483\/revisions\/77893"}],"wp:featuredmedia":[{"embeddable":true,"href":"https:\/\/vinilonamai.lt\/index.php?rest_route=\/wp\/v2\/media\/79013"}],"wp:attachment":[{"href":"https:\/\/vinilonamai.lt\/index.php?rest_route=%2Fwp%2Fv2%2Fmedia&parent=75483"}],"wp:term":[{"taxonomy":"product_brand","embeddable":true,"href":"https:\/\/vinilonamai.lt\/index.php?rest_route=%2Fwp%2Fv2%2Fproduct_brand&post=75483"},{"taxonomy":"product_cat","embeddable":true,"href":"https:\/\/vinilonamai.lt\/index.php?rest_route=%2Fwp%2Fv2%2Fproduct_cat&post=75483"},{"taxonomy":"product_tag","embeddable":true,"href":"https:\/\/vinilonamai.lt\/index.php?rest_route=%2Fwp%2Fv2%2Fproduct_tag&post=75483"}],"curies":[{"name":"wp","href":"https:\/\/api.w.org\/{rel}","templated":true}]}}