{"id":75626,"date":"2022-10-19T18:12:47","date_gmt":"2022-10-19T16:12:47","guid":{"rendered":"https:\/\/vinilonamai.lt\/?post_type=product&#038;p=75626"},"modified":"2024-10-02T19:30:03","modified_gmt":"2024-10-02T17:30:03","slug":"james-blunt-the-stars-beneath-my-feet-2004-2021","status":"publish","type":"product","link":"https:\/\/vinilonamai.lt\/?product=james-blunt-the-stars-beneath-my-feet-2004-2021","title":{"rendered":"JAMES BLUNT &#8211; THE STARS BENEATH MY FEET (2004 &#8211; 2021)"},"content":{"rendered":"","protected":false},"excerpt":{"rendered":"<p>&nbsp;<\/p>\n<h5>PAPILDOMA INFORMACIJA<\/h5>\n<table class=\"woocommerce-product-attributes shop_attributes\">\n<tbody>\n<tr>\n<th style=\"text-align: left; font-size: 13px;\">Plok\u0161tel\u0117s b\u016bkl\u0117:<\/th>\n<td style=\"text-align: left; font-size: 13px;\">[acf field=\"media_cond\"]<\/td>\n<\/tr>\n<tr>\n<th style=\"text-align: left; font-size: 13px;\">Vir\u0161elio b\u016bkl\u0117:<\/th>\n<td style=\"text-align: left; font-size: 13px;\">[acf field=\"sleeve_cond\"]<\/td>\n<\/tr>\n<tr>\n<th style=\"text-align: left; font-size: 13px;\">Ypatyb\u0117:<\/th>\n<td style=\"text-align: left; font-size: 13px;\">[acf field=\"media_feature\"]<\/td>\n<\/tr>\n<tr>\n<th style=\"text-align: left; font-size: 13px;\">Leidimo Nr.:<\/th>\n<td style=\"text-align: left; font-size: 13px;\">[acf field=\"media_cat\"]<\/td>\n<\/tr>\n<tr>\n<th style=\"text-align: left; font-size: 13px;\">\u0160alis:<\/th>\n<td style=\"text-align: left; font-size: 13px;\">[acf field=\"media_country\"]<\/td>\n<\/tr>\n<tr>\n<th style=\"text-align: left; font-size: 13px;\">Metai:<\/th>\n<td style=\"text-align: left; font-size: 13px;\">[acf field=\"media_year\"]<\/td>\n<\/tr>\n<\/tbody>\n<\/table>\n","protected":false},"featured_media":75627,"comment_status":"open","ping_status":"closed","template":"","meta":{"_acf_changed":false},"product_brand":[],"product_cat":[51,54],"product_tag":[],"class_list":{"0":"post-75626","1":"product","2":"type-product","3":"status-publish","4":"has-post-thumbnail","6":"product_cat-lpnew-pop","7":"product_cat-lpnew-rock","9":"first","10":"instock","11":"featured","12":"shipping-taxable","13":"purchasable","14":"product-type-simple"},"acf":[],"_links":{"self":[{"href":"https:\/\/vinilonamai.lt\/index.php?rest_route=\/wp\/v2\/product\/75626","targetHints":{"allow":["GET"]}}],"collection":[{"href":"https:\/\/vinilonamai.lt\/index.php?rest_route=\/wp\/v2\/product"}],"about":[{"href":"https:\/\/vinilonamai.lt\/index.php?rest_route=\/wp\/v2\/types\/product"}],"replies":[{"embeddable":true,"href":"https:\/\/vinilonamai.lt\/index.php?rest_route=%2Fwp%2Fv2%2Fcomments&post=75626"}],"version-history":[{"count":3,"href":"https:\/\/vinilonamai.lt\/index.php?rest_route=\/wp\/v2\/product\/75626\/revisions"}],"predecessor-version":[{"id":77948,"href":"https:\/\/vinilonamai.lt\/index.php?rest_route=\/wp\/v2\/product\/75626\/revisions\/77948"}],"wp:featuredmedia":[{"embeddable":true,"href":"https:\/\/vinilonamai.lt\/index.php?rest_route=\/wp\/v2\/media\/75627"}],"wp:attachment":[{"href":"https:\/\/vinilonamai.lt\/index.php?rest_route=%2Fwp%2Fv2%2Fmedia&parent=75626"}],"wp:term":[{"taxonomy":"product_brand","embeddable":true,"href":"https:\/\/vinilonamai.lt\/index.php?rest_route=%2Fwp%2Fv2%2Fproduct_brand&post=75626"},{"taxonomy":"product_cat","embeddable":true,"href":"https:\/\/vinilonamai.lt\/index.php?rest_route=%2Fwp%2Fv2%2Fproduct_cat&post=75626"},{"taxonomy":"product_tag","embeddable":true,"href":"https:\/\/vinilonamai.lt\/index.php?rest_route=%2Fwp%2Fv2%2Fproduct_tag&post=75626"}],"curies":[{"name":"wp","href":"https:\/\/api.w.org\/{rel}","templated":true}]}}