{"id":84111,"date":"2024-09-06T10:00:46","date_gmt":"2024-09-06T08:00:46","guid":{"rendered":"https:\/\/vinilonamai.lt\/?post_type=product&#038;p=84111"},"modified":"2024-09-06T10:02:58","modified_gmt":"2024-09-06T08:02:58","slug":"various-s-p-metal-ii","status":"publish","type":"product","link":"https:\/\/vinilonamai.lt\/?product=various-s-p-metal-ii","title":{"rendered":"VARIOUS &#8211; S.P. METAL  II"},"content":{"rendered":"<p>Plok\u0161tel\u0117 (jei ne nauja) i\u0161plauta ir patikrinta.<\/p>\n","protected":false},"excerpt":{"rendered":"<p>&nbsp;<\/p>\n<h5>PAPILDOMA INFORMACIJA<\/h5>\n<table class=\"woocommerce-product-attributes shop_attributes\">\n<tbody>\n<tr>\n<th style=\"text-align: left;font-size: 13px\">Plok\u0161tel\u0117s b\u016bkl\u0117:<\/th>\n<td style=\"text-align: left;font-size: 13px\">[acf field=\"media_cond\"]<\/td>\n<\/tr>\n<tr>\n<th style=\"text-align: left;font-size: 13px\">Vir\u0161elio b\u016bkl\u0117:<\/th>\n<td style=\"text-align: left;font-size: 13px\">[acf field=\"sleeve_cond\"]<\/td>\n<\/tr>\n<tr>\n<th style=\"text-align: left;font-size: 13px\">Ypatyb\u0117:<\/th>\n<td style=\"text-align: left;font-size: 13px\">[acf field=\"media_feature\"]<\/td>\n<\/tr>\n<tr>\n<th style=\"text-align: left;font-size: 13px\">Leidimo Nr.:<\/th>\n<td style=\"text-align: left;font-size: 13px\">[acf field=\"media_cat\"]<\/td>\n<\/tr>\n<tr>\n<th style=\"text-align: left;font-size: 13px\">\u0160alis:<\/th>\n<td style=\"text-align: left;font-size: 13px\">[acf field=\"media_country\"]<\/td>\n<\/tr>\n<tr>\n<th style=\"text-align: left;font-size: 13px\">Metai:<\/th>\n<td style=\"text-align: left;font-size: 13px\">[acf field=\"media_year\"]<\/td>\n<\/tr>\n<\/tbody>\n<\/table>\n","protected":false},"featured_media":84112,"comment_status":"open","ping_status":"closed","template":"","meta":{"_acf_changed":false},"product_brand":[],"product_cat":[54],"product_tag":[],"class_list":{"0":"post-84111","1":"product","2":"type-product","3":"status-publish","4":"has-post-thumbnail","6":"product_cat-lpnew-rock","8":"first","9":"instock","10":"shipping-taxable","11":"purchasable","12":"product-type-simple"},"acf":[],"_links":{"self":[{"href":"https:\/\/vinilonamai.lt\/index.php?rest_route=\/wp\/v2\/product\/84111","targetHints":{"allow":["GET"]}}],"collection":[{"href":"https:\/\/vinilonamai.lt\/index.php?rest_route=\/wp\/v2\/product"}],"about":[{"href":"https:\/\/vinilonamai.lt\/index.php?rest_route=\/wp\/v2\/types\/product"}],"replies":[{"embeddable":true,"href":"https:\/\/vinilonamai.lt\/index.php?rest_route=%2Fwp%2Fv2%2Fcomments&post=84111"}],"version-history":[{"count":1,"href":"https:\/\/vinilonamai.lt\/index.php?rest_route=\/wp\/v2\/product\/84111\/revisions"}],"predecessor-version":[{"id":84113,"href":"https:\/\/vinilonamai.lt\/index.php?rest_route=\/wp\/v2\/product\/84111\/revisions\/84113"}],"wp:featuredmedia":[{"embeddable":true,"href":"https:\/\/vinilonamai.lt\/index.php?rest_route=\/wp\/v2\/media\/84112"}],"wp:attachment":[{"href":"https:\/\/vinilonamai.lt\/index.php?rest_route=%2Fwp%2Fv2%2Fmedia&parent=84111"}],"wp:term":[{"taxonomy":"product_brand","embeddable":true,"href":"https:\/\/vinilonamai.lt\/index.php?rest_route=%2Fwp%2Fv2%2Fproduct_brand&post=84111"},{"taxonomy":"product_cat","embeddable":true,"href":"https:\/\/vinilonamai.lt\/index.php?rest_route=%2Fwp%2Fv2%2Fproduct_cat&post=84111"},{"taxonomy":"product_tag","embeddable":true,"href":"https:\/\/vinilonamai.lt\/index.php?rest_route=%2Fwp%2Fv2%2Fproduct_tag&post=84111"}],"curies":[{"name":"wp","href":"https:\/\/api.w.org\/{rel}","templated":true}]}}