{"id":85467,"date":"2025-03-01T13:58:04","date_gmt":"2025-03-01T11:58:04","guid":{"rendered":"https:\/\/vinilonamai.lt\/?post_type=product&#038;p=85467"},"modified":"2026-02-20T15:28:17","modified_gmt":"2026-02-20T13:28:17","slug":"teddy-swims-ive-tried-everything-but-thertapy-part-2","status":"publish","type":"product","link":"https:\/\/vinilonamai.lt\/?product=teddy-swims-ive-tried-everything-but-thertapy-part-2","title":{"rendered":"TEDDY SWIMS &#8211; I&#8217;VE TRIED EVERYTHING BUT THERTAPY ( PART 2 )"},"content":{"rendered":"<p>Plok\u0161tel\u0117 (jei ne nauja) i\u0161plauta ir patikrinta.<\/p>\n","protected":false},"excerpt":{"rendered":"<p>&nbsp;<\/p>\n<h5>PAPILDOMA INFORMACIJA<\/h5>\n<table class=\"woocommerce-product-attributes shop_attributes\">\n<tbody>\n<tr>\n<th style=\"text-align: left;font-size: 13px\">Plok\u0161tel\u0117s b\u016bkl\u0117:<\/th>\n<td style=\"text-align: left;font-size: 13px\">[acf field=\"media_cond\"]<\/td>\n<\/tr>\n<tr>\n<th style=\"text-align: left;font-size: 13px\">Vir\u0161elio b\u016bkl\u0117:<\/th>\n<td style=\"text-align: left;font-size: 13px\">[acf field=\"sleeve_cond\"]<\/td>\n<\/tr>\n<tr>\n<th style=\"text-align: left;font-size: 13px\">Ypatyb\u0117:<\/th>\n<td style=\"text-align: left;font-size: 13px\">[acf field=\"media_feature\"]<\/td>\n<\/tr>\n<tr>\n<th style=\"text-align: left;font-size: 13px\">Leidimo Nr.:<\/th>\n<td style=\"text-align: left;font-size: 13px\">[acf field=\"media_cat\"]<\/td>\n<\/tr>\n<tr>\n<th style=\"text-align: left;font-size: 13px\">\u0160alis:<\/th>\n<td style=\"text-align: left;font-size: 13px\">[acf field=\"media_country\"]<\/td>\n<\/tr>\n<tr>\n<th style=\"text-align: left;font-size: 13px\">Metai:<\/th>\n<td style=\"text-align: left;font-size: 13px\">[acf field=\"media_year\"]<\/td>\n<\/tr>\n<\/tbody>\n<\/table>\n","protected":false},"featured_media":85468,"comment_status":"open","ping_status":"closed","template":"","meta":{"_acf_changed":false},"product_brand":[],"product_cat":[87,51],"product_tag":[],"class_list":{"0":"post-85467","1":"product","2":"type-product","3":"status-publish","4":"has-post-thumbnail","6":"product_cat-populiaru","7":"product_cat-lpnew-pop","9":"first","10":"instock","11":"shipping-taxable","12":"purchasable","13":"product-type-simple"},"acf":[],"_links":{"self":[{"href":"https:\/\/vinilonamai.lt\/index.php?rest_route=\/wp\/v2\/product\/85467","targetHints":{"allow":["GET"]}}],"collection":[{"href":"https:\/\/vinilonamai.lt\/index.php?rest_route=\/wp\/v2\/product"}],"about":[{"href":"https:\/\/vinilonamai.lt\/index.php?rest_route=\/wp\/v2\/types\/product"}],"replies":[{"embeddable":true,"href":"https:\/\/vinilonamai.lt\/index.php?rest_route=%2Fwp%2Fv2%2Fcomments&post=85467"}],"version-history":[{"count":1,"href":"https:\/\/vinilonamai.lt\/index.php?rest_route=\/wp\/v2\/product\/85467\/revisions"}],"predecessor-version":[{"id":85469,"href":"https:\/\/vinilonamai.lt\/index.php?rest_route=\/wp\/v2\/product\/85467\/revisions\/85469"}],"wp:featuredmedia":[{"embeddable":true,"href":"https:\/\/vinilonamai.lt\/index.php?rest_route=\/wp\/v2\/media\/85468"}],"wp:attachment":[{"href":"https:\/\/vinilonamai.lt\/index.php?rest_route=%2Fwp%2Fv2%2Fmedia&parent=85467"}],"wp:term":[{"taxonomy":"product_brand","embeddable":true,"href":"https:\/\/vinilonamai.lt\/index.php?rest_route=%2Fwp%2Fv2%2Fproduct_brand&post=85467"},{"taxonomy":"product_cat","embeddable":true,"href":"https:\/\/vinilonamai.lt\/index.php?rest_route=%2Fwp%2Fv2%2Fproduct_cat&post=85467"},{"taxonomy":"product_tag","embeddable":true,"href":"https:\/\/vinilonamai.lt\/index.php?rest_route=%2Fwp%2Fv2%2Fproduct_tag&post=85467"}],"curies":[{"name":"wp","href":"https:\/\/api.w.org\/{rel}","templated":true}]}}