{"id":92917,"date":"2026-01-28T17:43:47","date_gmt":"2026-01-28T15:43:47","guid":{"rendered":"https:\/\/vinilonamai.lt\/?post_type=product&#038;p=92917"},"modified":"2026-01-28T17:57:15","modified_gmt":"2026-01-28T15:57:15","slug":"diana-krall-glad-rag-doll","status":"publish","type":"product","link":"https:\/\/vinilonamai.lt\/?product=diana-krall-glad-rag-doll","title":{"rendered":"DIANA KRALL &#8211; GLAD RAG DOLL"},"content":{"rendered":"<p>\u0160is albumas gav\u0119s Grammy apdovanojim\u0105.<\/p>\n<p>&nbsp;<\/p>\n","protected":false},"excerpt":{"rendered":"<p>&nbsp;<\/p>\n<h5>PAPILDOMA INFORMACIJA<\/h5>\n<table class=\"woocommerce-product-attributes shop_attributes\">\n<tbody>\n<tr>\n<th style=\"text-align: left;font-size: 13px\">Plok\u0161tel\u0117s b\u016bkl\u0117:<\/th>\n<td style=\"text-align: left;font-size: 13px\">[acf field=\"media_cond\"]<\/td>\n<\/tr>\n<tr>\n<th style=\"text-align: left;font-size: 13px\">Vir\u0161elio b\u016bkl\u0117:<\/th>\n<td style=\"text-align: left;font-size: 13px\">[acf field=\"sleeve_cond\"]<\/td>\n<\/tr>\n<tr>\n<th style=\"text-align: left;font-size: 13px\">Ypatyb\u0117:<\/th>\n<td style=\"text-align: left;font-size: 13px\">[acf field=\"media_feature\"]<\/td>\n<\/tr>\n<tr>\n<th style=\"text-align: left;font-size: 13px\">Leidimo Nr.:<\/th>\n<td style=\"text-align: left;font-size: 13px\">[acf field=\"media_cat\"]<\/td>\n<\/tr>\n<tr>\n<th style=\"text-align: left;font-size: 13px\">\u0160alis:<\/th>\n<td style=\"text-align: left;font-size: 13px\">[acf field=\"media_country\"]<\/td>\n<\/tr>\n<tr>\n<th style=\"text-align: left;font-size: 13px\">Metai:<\/th>\n<td style=\"text-align: left;font-size: 13px\">[acf field=\"media_year\"]<\/td>\n<\/tr>\n<\/tbody>\n<\/table>\n","protected":false},"featured_media":92918,"comment_status":"open","ping_status":"closed","template":"","meta":{"_acf_changed":false},"product_brand":[],"product_cat":[50,55],"product_tag":[],"class_list":{"0":"post-92917","1":"product","2":"type-product","3":"status-publish","4":"has-post-thumbnail","6":"product_cat-lpnew-jazz","7":"product_cat-lpnew-funk-soul","9":"first","10":"instock","11":"shipping-taxable","12":"purchasable","13":"product-type-simple"},"acf":[],"_links":{"self":[{"href":"https:\/\/vinilonamai.lt\/index.php?rest_route=\/wp\/v2\/product\/92917","targetHints":{"allow":["GET"]}}],"collection":[{"href":"https:\/\/vinilonamai.lt\/index.php?rest_route=\/wp\/v2\/product"}],"about":[{"href":"https:\/\/vinilonamai.lt\/index.php?rest_route=\/wp\/v2\/types\/product"}],"replies":[{"embeddable":true,"href":"https:\/\/vinilonamai.lt\/index.php?rest_route=%2Fwp%2Fv2%2Fcomments&post=92917"}],"version-history":[{"count":1,"href":"https:\/\/vinilonamai.lt\/index.php?rest_route=\/wp\/v2\/product\/92917\/revisions"}],"predecessor-version":[{"id":92919,"href":"https:\/\/vinilonamai.lt\/index.php?rest_route=\/wp\/v2\/product\/92917\/revisions\/92919"}],"wp:featuredmedia":[{"embeddable":true,"href":"https:\/\/vinilonamai.lt\/index.php?rest_route=\/wp\/v2\/media\/92918"}],"wp:attachment":[{"href":"https:\/\/vinilonamai.lt\/index.php?rest_route=%2Fwp%2Fv2%2Fmedia&parent=92917"}],"wp:term":[{"taxonomy":"product_brand","embeddable":true,"href":"https:\/\/vinilonamai.lt\/index.php?rest_route=%2Fwp%2Fv2%2Fproduct_brand&post=92917"},{"taxonomy":"product_cat","embeddable":true,"href":"https:\/\/vinilonamai.lt\/index.php?rest_route=%2Fwp%2Fv2%2Fproduct_cat&post=92917"},{"taxonomy":"product_tag","embeddable":true,"href":"https:\/\/vinilonamai.lt\/index.php?rest_route=%2Fwp%2Fv2%2Fproduct_tag&post=92917"}],"curies":[{"name":"wp","href":"https:\/\/api.w.org\/{rel}","templated":true}]}}